{"id":10,"date":"2026-04-23T10:41:54","date_gmt":"2026-04-23T07:41:54","guid":{"rendered":"https:\/\/wp.internete123.lt\/index.php\/apie-mus\/"},"modified":"2026-04-23T10:56:11","modified_gmt":"2026-04-23T07:56:11","slug":"apie-mus","status":"publish","type":"page","link":"https:\/\/wp.internete123.lt\/index.php\/apie-mus\/","title":{"rendered":"Apie mus"},"content":{"rendered":"\t\t<div data-elementor-type=\"wp-page\" data-elementor-id=\"10\" class=\"elementor elementor-10\">\n\t\t\t\t<div class=\"elementor-element elementor-element-hero01 e-con-full e-flex e-con e-parent\" data-id=\"hero01\" data-element_type=\"container\" data-e-type=\"container\" data-settings=\"{&quot;background_background&quot;:&quot;classic&quot;}\">\n\t\t\t\t<div class=\"elementor-element elementor-element-hero_tag elementor-widget elementor-widget-text-editor\" data-id=\"hero_tag\" data-element_type=\"widget\" data-e-type=\"widget\" data-widget_type=\"text-editor.default\">\n\t\t\t\t\t\t\t\t\t<p style=\"letter-spacing:4px;font-size:13px;color:#c8a97e;text-transform:uppercase;margin-bottom:16px;\">UAB Bageta &bull; Nuo 1992<\/p>\t\t\t\t\t\t\t\t<\/div>\n\t\t\t\t<div class=\"elementor-element elementor-element-hero_h1 elementor-widget elementor-widget-heading\" data-id=\"hero_h1\" data-element_type=\"widget\" data-e-type=\"widget\" data-widget_type=\"heading.default\">\n\t\t\t\t\t<h1 class=\"elementor-heading-title elementor-size-default\">Warmwood<\/h1>\t\t\t\t<\/div>\n\t\t\t\t<div class=\"elementor-element elementor-element-hero_sub elementor-widget elementor-widget-heading\" data-id=\"hero_sub\" data-element_type=\"widget\" data-e-type=\"widget\" data-widget_type=\"heading.default\">\n\t\t\t\t\t<h3 class=\"elementor-heading-title elementor-size-default\">Auk\u0161\u010diausia kokyb\u0117. Tvarusis mi\u0161kas. Lietuvi\u0161ka meistryste.<\/h3>\t\t\t\t<\/div>\n\t\t\t\t<\/div>\n\t\t<div class=\"elementor-element elementor-element-stats01 e-grid e-con-full e-con e-parent\" data-id=\"stats01\" data-element_type=\"container\" data-e-type=\"container\" data-settings=\"{&quot;background_background&quot;:&quot;classic&quot;}\">\n\t\t<div class=\"elementor-element elementor-element-stat00 e-flex e-con-boxed e-con e-child\" data-id=\"stat00\" data-element_type=\"container\" data-e-type=\"container\">\n\t\t\t\t\t<div class=\"e-con-inner\">\n\t\t\t\t<div class=\"elementor-element elementor-element-snum0 elementor-widget elementor-widget-heading\" data-id=\"snum0\" data-element_type=\"widget\" data-e-type=\"widget\" data-widget_type=\"heading.default\">\n\t\t\t\t\t<h2 class=\"elementor-heading-title elementor-size-default\">1992<\/h2>\t\t\t\t<\/div>\n\t\t\t\t<div class=\"elementor-element elementor-element-slbl0 elementor-widget elementor-widget-heading\" data-id=\"slbl0\" data-element_type=\"widget\" data-e-type=\"widget\" data-widget_type=\"heading.default\">\n\t\t\t\t\t<h6 class=\"elementor-heading-title elementor-size-default\">\u012ekurta<\/h6>\t\t\t\t<\/div>\n\t\t\t\t\t<\/div>\n\t\t\t\t<\/div>\n\t\t<div class=\"elementor-element elementor-element-stat01 e-flex e-con-boxed e-con e-child\" data-id=\"stat01\" data-element_type=\"container\" data-e-type=\"container\">\n\t\t\t\t\t<div class=\"e-con-inner\">\n\t\t\t\t<div class=\"elementor-element elementor-element-snum1 elementor-widget elementor-widget-heading\" data-id=\"snum1\" data-element_type=\"widget\" data-e-type=\"widget\" data-widget_type=\"heading.default\">\n\t\t\t\t\t<h2 class=\"elementor-heading-title elementor-size-default\">30+<\/h2>\t\t\t\t<\/div>\n\t\t\t\t<div class=\"elementor-element elementor-element-slbl1 elementor-widget elementor-widget-heading\" data-id=\"slbl1\" data-element_type=\"widget\" data-e-type=\"widget\" data-widget_type=\"heading.default\">\n\t\t\t\t\t<h6 class=\"elementor-heading-title elementor-size-default\">Met\u0173 patirties<\/h6>\t\t\t\t<\/div>\n\t\t\t\t\t<\/div>\n\t\t\t\t<\/div>\n\t\t<div class=\"elementor-element elementor-element-stat02 e-flex e-con-boxed e-con e-child\" data-id=\"stat02\" data-element_type=\"container\" data-e-type=\"container\">\n\t\t\t\t\t<div class=\"e-con-inner\">\n\t\t\t\t<div class=\"elementor-element elementor-element-snum2 elementor-widget elementor-widget-heading\" data-id=\"snum2\" data-element_type=\"widget\" data-e-type=\"widget\" data-widget_type=\"heading.default\">\n\t\t\t\t\t<h2 class=\"elementor-heading-title elementor-size-default\">3<\/h2>\t\t\t\t<\/div>\n\t\t\t\t<div class=\"elementor-element elementor-element-slbl2 elementor-widget elementor-widget-heading\" data-id=\"slbl2\" data-element_type=\"widget\" data-e-type=\"widget\" data-widget_type=\"heading.default\">\n\t\t\t\t\t<h6 class=\"elementor-heading-title elementor-size-default\">Baltijos \u0161alys<\/h6>\t\t\t\t<\/div>\n\t\t\t\t\t<\/div>\n\t\t\t\t<\/div>\n\t\t\t\t<\/div>\n\t\t<div class=\"elementor-element elementor-element-story01 e-con-full e-flex e-con e-parent\" data-id=\"story01\" data-element_type=\"container\" data-e-type=\"container\" data-settings=\"{&quot;background_background&quot;:&quot;classic&quot;}\">\n\t\t<div class=\"elementor-element elementor-element-story_text_col e-flex e-con-boxed e-con e-child\" data-id=\"story_text_col\" data-element_type=\"container\" data-e-type=\"container\">\n\t\t\t\t\t<div class=\"e-con-inner\">\n\t\t\t\t<div class=\"elementor-element elementor-element-story_label elementor-widget elementor-widget-text-editor\" data-id=\"story_label\" data-element_type=\"widget\" data-e-type=\"widget\" data-widget_type=\"text-editor.default\">\n\t\t\t\t\t\t\t\t\t<p style=\"letter-spacing:3px;font-size:12px;color:#8B5E3C;text-transform:uppercase;font-weight:600;\">Musu istorija<\/p>\t\t\t\t\t\t\t\t<\/div>\n\t\t\t\t<div class=\"elementor-element elementor-element-story_h2 elementor-widget elementor-widget-heading\" data-id=\"story_h2\" data-element_type=\"widget\" data-e-type=\"widget\" data-widget_type=\"heading.default\">\n\t\t\t\t\t<h2 class=\"elementor-heading-title elementor-size-default\">Seimos verslas, kuriantis verte nuo 1992<\/h2>\t\t\t\t<\/div>\n\t\t\t\t<div class=\"elementor-element elementor-element-story_div elementor-widget-divider--view-line elementor-widget elementor-widget-divider\" data-id=\"story_div\" data-element_type=\"widget\" data-e-type=\"widget\" data-widget_type=\"divider.default\">\n\t\t\t\t\t\t\t<div class=\"elementor-divider\">\n\t\t\t<span class=\"elementor-divider-separator\">\n\t\t\t\t\t\t<\/span>\n\t\t<\/div>\n\t\t\t\t\t\t<\/div>\n\t\t\t\t<div class=\"elementor-element elementor-element-story_txt elementor-widget elementor-widget-text-editor\" data-id=\"story_txt\" data-element_type=\"widget\" data-e-type=\"widget\" data-widget_type=\"text-editor.default\">\n\t\t\t\t\t\t\t\t\t<p style=\"font-size:16px;line-height:1.85;color:#555;margin-bottom:18px;\"><strong>Warmwood<\/strong> &#8211; tai prekes zenklas, priklausantis UAB Bageta &#8211; seimos verslui, kuris jau nuo 1992 metu kuria verte medienos apdirbimo ir biokuro sektoriuje Baltijos salyse.<\/p><p style=\"font-size:16px;line-height:1.85;color:#555;\">Per daugiau nei tris desimtmeccius sukaupta patirtis leidzia mums uzimti reiksminga vieta medienos granuliu ir medienos produktu rinkoje. Nuo pat imones ikurimo pagrindinis musu prioritetas buvo ir islieka vienas &#8211; auksciausia kokybe kiekviename zingsnyje.<\/p>\t\t\t\t\t\t\t\t<\/div>\n\t\t\t\t\t<\/div>\n\t\t\t\t<\/div>\n\t\t<div class=\"elementor-element elementor-element-story_img_col e-flex e-con-boxed e-con e-child\" data-id=\"story_img_col\" data-element_type=\"container\" data-e-type=\"container\">\n\t\t\t\t\t<div class=\"e-con-inner\">\n\t\t\t\t<div class=\"elementor-element elementor-element-story_img elementor-widget elementor-widget-image\" data-id=\"story_img\" data-element_type=\"widget\" data-e-type=\"widget\" data-widget_type=\"image.default\">\n\t\t\t\t\t\t\t\t\t\t\t\t\t\t\t<img decoding=\"async\" src=\"https:\/\/wp.internete123.lt\/wp-content\/uploads\/2026\/04\/Meistras-Warmwood-1.jpg\" title=\"\" alt=\"\" loading=\"lazy\" \/>\t\t\t\t\t\t\t\t\t\t\t\t\t\t\t<\/div>\n\t\t\t\t\t<\/div>\n\t\t\t\t<\/div>\n\t\t\t\t<\/div>\n\t\t<div class=\"elementor-element elementor-element-qual01 e-con-full e-flex e-con e-parent\" data-id=\"qual01\" data-element_type=\"container\" data-e-type=\"container\" data-settings=\"{&quot;background_background&quot;:&quot;classic&quot;}\">\n\t\t<div class=\"elementor-element elementor-element-qual_img_col e-flex e-con-boxed e-con e-child\" data-id=\"qual_img_col\" data-element_type=\"container\" data-e-type=\"container\">\n\t\t\t\t\t<div class=\"e-con-inner\">\n\t\t\t\t<div class=\"elementor-element elementor-element-qual_img elementor-widget elementor-widget-image\" data-id=\"qual_img\" data-element_type=\"widget\" data-e-type=\"widget\" data-widget_type=\"image.default\">\n\t\t\t\t\t\t\t\t\t\t\t\t\t\t\t<img decoding=\"async\" src=\"https:\/\/wp.internete123.lt\/wp-content\/uploads\/2026\/04\/Granules-Warmwood.jpg\" title=\"\" alt=\"\" loading=\"lazy\" \/>\t\t\t\t\t\t\t\t\t\t\t\t\t\t\t<\/div>\n\t\t\t\t\t<\/div>\n\t\t\t\t<\/div>\n\t\t<div class=\"elementor-element elementor-element-qual_txt_col e-flex e-con-boxed e-con e-child\" data-id=\"qual_txt_col\" data-element_type=\"container\" data-e-type=\"container\">\n\t\t\t\t\t<div class=\"e-con-inner\">\n\t\t\t\t<div class=\"elementor-element elementor-element-ql elementor-widget elementor-widget-text-editor\" data-id=\"ql\" data-element_type=\"widget\" data-e-type=\"widget\" data-widget_type=\"text-editor.default\">\n\t\t\t\t\t\t\t\t\t<p style=\"letter-spacing:3px;font-size:12px;color:#8B5E3C;text-transform:uppercase;font-weight:600;\">Musu kokybe<\/p>\t\t\t\t\t\t\t\t<\/div>\n\t\t\t\t<div class=\"elementor-element elementor-element-qh elementor-widget elementor-widget-heading\" data-id=\"qh\" data-element_type=\"widget\" data-e-type=\"widget\" data-widget_type=\"heading.default\">\n\t\t\t\t\t<h2 class=\"elementor-heading-title elementor-size-default\">Kiekvienas etapas - kruopscia kontrole<\/h2>\t\t\t\t<\/div>\n\t\t\t\t<div class=\"elementor-element elementor-element-qdiv elementor-widget-divider--view-line elementor-widget elementor-widget-divider\" data-id=\"qdiv\" data-element_type=\"widget\" data-e-type=\"widget\" data-widget_type=\"divider.default\">\n\t\t\t\t\t\t\t<div class=\"elementor-divider\">\n\t\t\t<span class=\"elementor-divider-separator\">\n\t\t\t\t\t\t<\/span>\n\t\t<\/div>\n\t\t\t\t\t\t<\/div>\n\t\t\t\t<div class=\"elementor-element elementor-element-qp elementor-widget elementor-widget-text-editor\" data-id=\"qp\" data-element_type=\"widget\" data-e-type=\"widget\" data-widget_type=\"text-editor.default\">\n\t\t\t\t\t\t\t\t\t<p style=\"font-size:16px;line-height:1.85;color:#555;margin-bottom:24px;\">Musu gaminiai gimsta is atsakingai atrinktos zaliavos ir kruopsciai priziurimu gamybos procesu. Kiekvienas etapas yra nuosekliai tikrinamas kokytes kontroles specialistu.<\/p><ul style=\"list-style:none;padding:0;margin:0;\"><li style=\"display:flex;align-items:flex-start;margin-bottom:14px;font-size:15px;color:#444;\"><span style=\"color:#8B5E3C;font-size:20px;margin-right:12px;\">&#10003;<\/span> Atsakingai atrinkta zaliava<\/li><li style=\"display:flex;align-items:flex-start;margin-bottom:14px;font-size:15px;color:#444;\"><span style=\"color:#8B5E3C;font-size:20px;margin-right:12px;\">&#10003;<\/span> Nuosekli kokytes kontrole<\/li><li style=\"display:flex;align-items:flex-start;margin-bottom:14px;font-size:15px;color:#444;\"><span style=\"color:#8B5E3C;font-size:20px;margin-right:12px;\">&#10003;<\/span> Patikimi ir ilgaamziai gaminiai<\/li><li style=\"display:flex;align-items:flex-start;font-size:15px;color:#444;\"><span style=\"color:#8B5E3C;font-size:20px;margin-right:12px;\">&#10003;<\/span> Auksciausi kokytes standartai<\/li><\/ul>\t\t\t\t\t\t\t\t<\/div>\n\t\t\t\t\t<\/div>\n\t\t\t\t<\/div>\n\t\t\t\t<\/div>\n\t\t<div class=\"elementor-element elementor-element-quote01 e-con-full e-flex e-con e-parent\" data-id=\"quote01\" data-element_type=\"container\" data-e-type=\"container\" data-settings=\"{&quot;background_background&quot;:&quot;classic&quot;}\">\n\t\t\t\t<div class=\"elementor-element elementor-element-q_icon elementor-widget elementor-widget-text-editor\" data-id=\"q_icon\" data-element_type=\"widget\" data-e-type=\"widget\" data-widget_type=\"text-editor.default\">\n\t\t\t\t\t\t\t\t\t<p style=\"font-size:60px;color:#c8a97e;line-height:1;margin-bottom:16px;\">&ldquo;<\/p>\t\t\t\t\t\t\t\t<\/div>\n\t\t\t\t<div class=\"elementor-element elementor-element-q_text elementor-widget elementor-widget-heading\" data-id=\"q_text\" data-element_type=\"widget\" data-e-type=\"widget\" data-widget_type=\"heading.default\">\n\t\t\t\t\t<h3 class=\"elementor-heading-title elementor-size-default\">Warmwood produktai - tai ne tik funkcionalumas, bet ir autentiskumas. Jie kvepia lietuvisku misku, naturalumu ir ilgamete meistryste.<\/h3>\t\t\t\t<\/div>\n\t\t\t\t<\/div>\n\t\t<div class=\"elementor-element elementor-element-fsc01 e-con-full e-flex e-con e-parent\" data-id=\"fsc01\" data-element_type=\"container\" data-e-type=\"container\" data-settings=\"{&quot;background_background&quot;:&quot;classic&quot;}\">\n\t\t\t\t<div class=\"elementor-element elementor-element-fsc_label elementor-widget elementor-widget-text-editor\" data-id=\"fsc_label\" data-element_type=\"widget\" data-e-type=\"widget\" data-widget_type=\"text-editor.default\">\n\t\t\t\t\t\t\t\t\t<p style=\"letter-spacing:3px;font-size:12px;color:#8B5E3C;text-transform:uppercase;font-weight:600;text-align:center;\">Tvarumas ir atsakomybe<\/p>\t\t\t\t\t\t\t\t<\/div>\n\t\t\t\t<div class=\"elementor-element elementor-element-fsc_h elementor-widget elementor-widget-heading\" data-id=\"fsc_h\" data-element_type=\"widget\" data-e-type=\"widget\" data-widget_type=\"heading.default\">\n\t\t\t\t\t<h2 class=\"elementor-heading-title elementor-size-default\">Gamtinius isteklius saugome atsakingai<\/h2>\t\t\t\t<\/div>\n\t\t\t\t<div class=\"elementor-element elementor-element-fsc_div elementor-widget-divider--view-line elementor-widget elementor-widget-divider\" data-id=\"fsc_div\" data-element_type=\"widget\" data-e-type=\"widget\" data-widget_type=\"divider.default\">\n\t\t\t\t\t\t\t<div class=\"elementor-divider\">\n\t\t\t<span class=\"elementor-divider-separator\">\n\t\t\t\t\t\t<\/span>\n\t\t<\/div>\n\t\t\t\t\t\t<\/div>\n\t\t<div class=\"elementor-element elementor-element-fsc_cards_row e-flex e-con-boxed e-con e-child\" data-id=\"fsc_cards_row\" data-element_type=\"container\" data-e-type=\"container\">\n\t\t\t\t\t<div class=\"e-con-inner\">\n\t\t<div class=\"elementor-element elementor-element-card00 e-flex e-con-boxed e-con e-child\" data-id=\"card00\" data-element_type=\"container\" data-e-type=\"container\" data-settings=\"{&quot;background_background&quot;:&quot;classic&quot;}\">\n\t\t\t\t\t<div class=\"e-con-inner\">\n\t\t\t\t<div class=\"elementor-element elementor-element-cicon0 elementor-widget elementor-widget-text-editor\" data-id=\"cicon0\" data-element_type=\"widget\" data-e-type=\"widget\" data-widget_type=\"text-editor.default\">\n\t\t\t\t\t\t\t\t\t<p style=\"font-size:42px;margin-bottom:16px;\">&#127807;<\/p>\t\t\t\t\t\t\t\t<\/div>\n\t\t\t\t<div class=\"elementor-element elementor-element-ctitle0 elementor-widget elementor-widget-heading\" data-id=\"ctitle0\" data-element_type=\"widget\" data-e-type=\"widget\" data-widget_type=\"heading.default\">\n\t\t\t\t\t<h4 class=\"elementor-heading-title elementor-size-default\">FSC Sertifikavimas<\/h4>\t\t\t\t<\/div>\n\t\t\t\t<div class=\"elementor-element elementor-element-cdesc0 elementor-widget elementor-widget-text-editor\" data-id=\"cdesc0\" data-element_type=\"widget\" data-e-type=\"widget\" data-widget_type=\"text-editor.default\">\n\t\t\t\t\t\t\t\t\t<p style=\"font-size:15px;line-height:1.75;color:#666;\">Naudojame tik is tvariu saltiniu gaunam\u0105 medien\u0105, patvirtint\u0105 FSC (Forest Stewardship Council) sertifikatu.<\/p>\t\t\t\t\t\t\t\t<\/div>\n\t\t\t\t\t<\/div>\n\t\t\t\t<\/div>\n\t\t<div class=\"elementor-element elementor-element-card01 e-flex e-con-boxed e-con e-child\" data-id=\"card01\" data-element_type=\"container\" data-e-type=\"container\" data-settings=\"{&quot;background_background&quot;:&quot;classic&quot;}\">\n\t\t\t\t\t<div class=\"e-con-inner\">\n\t\t\t\t<div class=\"elementor-element elementor-element-cicon1 elementor-widget elementor-widget-text-editor\" data-id=\"cicon1\" data-element_type=\"widget\" data-e-type=\"widget\" data-widget_type=\"text-editor.default\">\n\t\t\t\t\t\t\t\t\t<p style=\"font-size:42px;margin-bottom:16px;\">&#9850;<\/p>\t\t\t\t\t\t\t\t<\/div>\n\t\t\t\t<div class=\"elementor-element elementor-element-ctitle1 elementor-widget elementor-widget-heading\" data-id=\"ctitle1\" data-element_type=\"widget\" data-e-type=\"widget\" data-widget_type=\"heading.default\">\n\t\t\t\t\t<h4 class=\"elementor-heading-title elementor-size-default\">Atsakingas misku valdymas<\/h4>\t\t\t\t<\/div>\n\t\t\t\t<div class=\"elementor-element elementor-element-cdesc1 elementor-widget elementor-widget-text-editor\" data-id=\"cdesc1\" data-element_type=\"widget\" data-e-type=\"widget\" data-widget_type=\"text-editor.default\">\n\t\t\t\t\t\t\t\t\t<p style=\"font-size:15px;line-height:1.75;color:#666;\">Prisidedame prie atsakingo misku valdymo iniciatyvu ir puoselejame gamtos isteklius ateities kartoms.<\/p>\t\t\t\t\t\t\t\t<\/div>\n\t\t\t\t\t<\/div>\n\t\t\t\t<\/div>\n\t\t<div class=\"elementor-element elementor-element-card02 e-flex e-con-boxed e-con e-child\" data-id=\"card02\" data-element_type=\"container\" data-e-type=\"container\" data-settings=\"{&quot;background_background&quot;:&quot;classic&quot;}\">\n\t\t\t\t\t<div class=\"e-con-inner\">\n\t\t\t\t<div class=\"elementor-element elementor-element-cicon2 elementor-widget elementor-widget-text-editor\" data-id=\"cicon2\" data-element_type=\"widget\" data-e-type=\"widget\" data-widget_type=\"text-editor.default\">\n\t\t\t\t\t\t\t\t\t<p style=\"font-size: 42px; margin-bottom: 16px;\">\ud83c\udf0d<\/p>\t\t\t\t\t\t\t\t<\/div>\n\t\t\t\t<div class=\"elementor-element elementor-element-ctitle2 elementor-widget elementor-widget-heading\" data-id=\"ctitle2\" data-element_type=\"widget\" data-e-type=\"widget\" data-widget_type=\"heading.default\">\n\t\t\t\t\t<h4 class=\"elementor-heading-title elementor-size-default\">Tvaru gamyba<\/h4>\t\t\t\t<\/div>\n\t\t\t\t<div class=\"elementor-element elementor-element-cdesc2 elementor-widget elementor-widget-text-editor\" data-id=\"cdesc2\" data-element_type=\"widget\" data-e-type=\"widget\" data-widget_type=\"text-editor.default\">\n\t\t\t\t\t\t\t\t\t<p style=\"font-size:15px;line-height:1.75;color:#666;\">Musu gamybos procesai sukurti taip, kad kuo maziau paveiktu aplinka ir maksimaliai panaudotu zaliava.<\/p>\t\t\t\t\t\t\t\t<\/div>\n\t\t\t\t\t<\/div>\n\t\t\t\t<\/div>\n\t\t\t\t\t<\/div>\n\t\t\t\t<\/div>\n\t\t\t\t<\/div>\n\t\t\t\t<\/div>\n\t\t","protected":false},"excerpt":{"rendered":"<p>UAB Bageta &bull; Nuo 1992 Warmwood Auk\u0161\u010diausia kokyb\u0117. Tvarusis mi\u0161kas. Lietuvi\u0161ka meistryste. 1992 \u012ekurta 30+ Met\u0173 patirties 3 Baltijos \u0161alys Musu istorija Seimos verslas, kuriantis verte nuo 1992 Warmwood &#8211; tai prekes zenklas, priklausantis UAB Bageta &#8211; seimos verslui, kuris jau nuo 1992 metu kuria verte medienos apdirbimo ir biokuro sektoriuje Baltijos salyse. Per daugiau [&hellip;]<\/p>\n","protected":false},"author":1,"featured_media":0,"parent":0,"menu_order":0,"comment_status":"closed","ping_status":"closed","template":"","meta":{"footnotes":""},"class_list":["post-10","page","type-page","status-publish","hentry"],"blocksy_meta":[],"_links":{"self":[{"href":"https:\/\/wp.internete123.lt\/index.php\/wp-json\/wp\/v2\/pages\/10","targetHints":{"allow":["GET"]}}],"collection":[{"href":"https:\/\/wp.internete123.lt\/index.php\/wp-json\/wp\/v2\/pages"}],"about":[{"href":"https:\/\/wp.internete123.lt\/index.php\/wp-json\/wp\/v2\/types\/page"}],"author":[{"embeddable":true,"href":"https:\/\/wp.internete123.lt\/index.php\/wp-json\/wp\/v2\/users\/1"}],"replies":[{"embeddable":true,"href":"https:\/\/wp.internete123.lt\/index.php\/wp-json\/wp\/v2\/comments?post=10"}],"version-history":[{"count":4,"href":"https:\/\/wp.internete123.lt\/index.php\/wp-json\/wp\/v2\/pages\/10\/revisions"}],"predecessor-version":[{"id":22,"href":"https:\/\/wp.internete123.lt\/index.php\/wp-json\/wp\/v2\/pages\/10\/revisions\/22"}],"wp:attachment":[{"href":"https:\/\/wp.internete123.lt\/index.php\/wp-json\/wp\/v2\/media?parent=10"}],"curies":[{"name":"wp","href":"https:\/\/api.w.org\/{rel}","templated":true}]}}